{"id":60,"date":"2021-04-21T17:20:50","date_gmt":"2021-04-21T17:20:50","guid":{"rendered":"https:\/\/icgc.com.ar\/site\/?page_id=60"},"modified":"2021-05-04T15:15:57","modified_gmt":"2021-05-04T18:15:57","slug":"gestion-organizativa","status":"publish","type":"page","link":"https:\/\/icgc.com.ar\/site\/gestion-organizativa\/","title":{"rendered":"Gesti\u00f3n organizativa"},"content":{"rendered":"\n<div class=\"wp-block-columns is-layout-flex wp-container-3\">\n<div class=\"wp-block-column is-layout-flow\">\n<p>Indio Cua Golf Club posee una estructura organizativa regulada por un reglamento de copropiedad y administraci\u00f3n, propietarios conforman un Consejo de Administraci\u00f3n que se renueva constantemente.<\/p>\n<\/div>\n\n\n\n<div class=\"wp-block-column is-layout-flow\">\n<p>A trav\u00e9s del trabajo y esfuerzo diario del Consejo se implementan las pol\u00edticas de gesti\u00f3n y planeamiento organizacional, as\u00ed como tambi\u00e9n de eficiencia econ\u00f3mica de la instituci\u00f3n.<\/p>\n<\/div>\n<\/div>\n","protected":false},"excerpt":{"rendered":"<p>Indio Cua Golf Club posee una estructura organizativa regulada por un reglamento de copropiedad y administraci\u00f3n, propietarios conforman un Consejo de Administraci\u00f3n que se renueva constantemente. A trav\u00e9s del trabajo y esfuerzo diario del Consejo se implementan las pol\u00edticas de gesti\u00f3n y planeamiento organizacional, as\u00ed como tambi\u00e9n de eficiencia econ\u00f3mica &hellip;<\/p>\n","protected":false},"author":2,"featured_media":0,"parent":0,"menu_order":0,"comment_status":"closed","ping_status":"closed","template":"","meta":{"pgc_sgb_lightbox_settings":""},"yoast_head":"<!-- This site is optimized with the Yoast SEO plugin v20.8 - https:\/\/yoast.com\/wordpress\/plugins\/seo\/ -->\n<title>Gesti\u00f3n organizativa - Country Indio Cua Golf Club<\/title>\n<meta name=\"description\" content=\"Indio Cua Golf Club - Tranquilidad de la naturaleza, actividad social y deportiva\" \/>\n<meta name=\"robots\" content=\"index, follow, max-snippet:-1, max-image-preview:large, max-video-preview:-1\" \/>\n<link rel=\"canonical\" href=\"https:\/\/icgc.com.ar\/site\/gestion-organizativa\/\" \/>\n<meta property=\"og:locale\" content=\"es_ES\" \/>\n<meta property=\"og:type\" content=\"article\" \/>\n<meta property=\"og:title\" content=\"Gesti\u00f3n organizativa - Country Indio Cua Golf Club\" \/>\n<meta property=\"og:description\" content=\"Indio Cua Golf Club - Tranquilidad de la naturaleza, actividad social y deportiva\" \/>\n<meta property=\"og:url\" content=\"https:\/\/icgc.com.ar\/site\/gestion-organizativa\/\" \/>\n<meta property=\"og:site_name\" content=\"Country Indio Cua Golf Club\" \/>\n<meta property=\"article:modified_time\" content=\"2021-05-04T18:15:57+00:00\" \/>\n<meta name=\"twitter:card\" content=\"summary_large_image\" \/>\n<meta name=\"twitter:label1\" content=\"Tiempo de lectura\" \/>\n\t<meta name=\"twitter:data1\" content=\"1 minuto\" \/>\n<script type=\"application\/ld+json\" class=\"yoast-schema-graph\">{\"@context\":\"https:\/\/schema.org\",\"@graph\":[{\"@type\":\"WebPage\",\"@id\":\"https:\/\/icgc.com.ar\/site\/gestion-organizativa\/\",\"url\":\"https:\/\/icgc.com.ar\/site\/gestion-organizativa\/\",\"name\":\"Gesti\u00f3n organizativa - Country Indio Cua Golf Club\",\"isPartOf\":{\"@id\":\"https:\/\/icgc.com.ar\/site\/#website\"},\"datePublished\":\"2021-04-21T17:20:50+00:00\",\"dateModified\":\"2021-05-04T18:15:57+00:00\",\"description\":\"Indio Cua Golf Club - Tranquilidad de la naturaleza, actividad social y deportiva\",\"breadcrumb\":{\"@id\":\"https:\/\/icgc.com.ar\/site\/gestion-organizativa\/#breadcrumb\"},\"inLanguage\":\"es\",\"potentialAction\":[{\"@type\":\"ReadAction\",\"target\":[\"https:\/\/icgc.com.ar\/site\/gestion-organizativa\/\"]}]},{\"@type\":\"BreadcrumbList\",\"@id\":\"https:\/\/icgc.com.ar\/site\/gestion-organizativa\/#breadcrumb\",\"itemListElement\":[{\"@type\":\"ListItem\",\"position\":1,\"name\":\"Portada\",\"item\":\"https:\/\/icgc.com.ar\/site\/\"},{\"@type\":\"ListItem\",\"position\":2,\"name\":\"Gesti\u00f3n organizativa\"}]},{\"@type\":\"WebSite\",\"@id\":\"https:\/\/icgc.com.ar\/site\/#website\",\"url\":\"https:\/\/icgc.com.ar\/site\/\",\"name\":\"Country Indio Cua Golf Club\",\"description\":\"Country Indio Cua Golf Club\",\"potentialAction\":[{\"@type\":\"SearchAction\",\"target\":{\"@type\":\"EntryPoint\",\"urlTemplate\":\"https:\/\/icgc.com.ar\/site\/?s={search_term_string}\"},\"query-input\":\"required name=search_term_string\"}],\"inLanguage\":\"es\"}]}<\/script>\n<!-- \/ Yoast SEO plugin. -->","yoast_head_json":{"title":"Gesti\u00f3n organizativa - Country Indio Cua Golf Club","description":"Indio Cua Golf Club - Tranquilidad de la naturaleza, actividad social y deportiva","robots":{"index":"index","follow":"follow","max-snippet":"max-snippet:-1","max-image-preview":"max-image-preview:large","max-video-preview":"max-video-preview:-1"},"canonical":"https:\/\/icgc.com.ar\/site\/gestion-organizativa\/","og_locale":"es_ES","og_type":"article","og_title":"Gesti\u00f3n organizativa - Country Indio Cua Golf Club","og_description":"Indio Cua Golf Club - Tranquilidad de la naturaleza, actividad social y deportiva","og_url":"https:\/\/icgc.com.ar\/site\/gestion-organizativa\/","og_site_name":"Country Indio Cua Golf Club","article_modified_time":"2021-05-04T18:15:57+00:00","twitter_card":"summary_large_image","twitter_misc":{"Tiempo de lectura":"1 minuto"},"schema":{"@context":"https:\/\/schema.org","@graph":[{"@type":"WebPage","@id":"https:\/\/icgc.com.ar\/site\/gestion-organizativa\/","url":"https:\/\/icgc.com.ar\/site\/gestion-organizativa\/","name":"Gesti\u00f3n organizativa - Country Indio Cua Golf Club","isPartOf":{"@id":"https:\/\/icgc.com.ar\/site\/#website"},"datePublished":"2021-04-21T17:20:50+00:00","dateModified":"2021-05-04T18:15:57+00:00","description":"Indio Cua Golf Club - Tranquilidad de la naturaleza, actividad social y deportiva","breadcrumb":{"@id":"https:\/\/icgc.com.ar\/site\/gestion-organizativa\/#breadcrumb"},"inLanguage":"es","potentialAction":[{"@type":"ReadAction","target":["https:\/\/icgc.com.ar\/site\/gestion-organizativa\/"]}]},{"@type":"BreadcrumbList","@id":"https:\/\/icgc.com.ar\/site\/gestion-organizativa\/#breadcrumb","itemListElement":[{"@type":"ListItem","position":1,"name":"Portada","item":"https:\/\/icgc.com.ar\/site\/"},{"@type":"ListItem","position":2,"name":"Gesti\u00f3n organizativa"}]},{"@type":"WebSite","@id":"https:\/\/icgc.com.ar\/site\/#website","url":"https:\/\/icgc.com.ar\/site\/","name":"Country Indio Cua Golf Club","description":"Country Indio Cua Golf Club","potentialAction":[{"@type":"SearchAction","target":{"@type":"EntryPoint","urlTemplate":"https:\/\/icgc.com.ar\/site\/?s={search_term_string}"},"query-input":"required name=search_term_string"}],"inLanguage":"es"}]}},"_links":{"self":[{"href":"https:\/\/icgc.com.ar\/site\/wp-json\/wp\/v2\/pages\/60"}],"collection":[{"href":"https:\/\/icgc.com.ar\/site\/wp-json\/wp\/v2\/pages"}],"about":[{"href":"https:\/\/icgc.com.ar\/site\/wp-json\/wp\/v2\/types\/page"}],"author":[{"embeddable":true,"href":"https:\/\/icgc.com.ar\/site\/wp-json\/wp\/v2\/users\/2"}],"replies":[{"embeddable":true,"href":"https:\/\/icgc.com.ar\/site\/wp-json\/wp\/v2\/comments?post=60"}],"version-history":[{"count":1,"href":"https:\/\/icgc.com.ar\/site\/wp-json\/wp\/v2\/pages\/60\/revisions"}],"predecessor-version":[{"id":61,"href":"https:\/\/icgc.com.ar\/site\/wp-json\/wp\/v2\/pages\/60\/revisions\/61"}],"wp:attachment":[{"href":"https:\/\/icgc.com.ar\/site\/wp-json\/wp\/v2\/media?parent=60"}],"curies":[{"name":"wp","href":"https:\/\/api.w.org\/{rel}","templated":true}]}}